{"id":20,"date":"2021-09-01T15:42:40","date_gmt":"2021-09-01T15:42:40","guid":{"rendered":"http:\/\/autismovina.cl\/web\/?page_id=20"},"modified":"2023-12-17T19:39:26","modified_gmt":"2023-12-17T22:39:26","slug":"quienes-somos","status":"publish","type":"page","link":"http:\/\/autismovina.cl\/web\/quienes-somos\/","title":{"rendered":"Quienes Somos"},"content":{"rendered":"[et_pb_section fb_built=\u00bb1&#8243; _builder_version=\u00bb4.22.1&#8243; background_image=\u00bbhttp:\/\/autismovina.cl\/web\/wp-content\/uploads\/2023\/12\/fondo2.jpg\u00bb background_size=\u00bbinitial\u00bb background_repeat=\u00bbrepeat\u00bb background_blend=\u00bblighten\u00bb custom_padding=\u00bb4px|||||\u00bb hover_enabled=\u00bb0&#8243; global_colors_info=\u00bb{}\u00bb title_text=\u00bbfondo2&#8243; background_position=\u00bbtop_left\u00bb sticky_enabled=\u00bb0&#8243;][et_pb_row _builder_version=\u00bb4.22.1&#8243; _module_preset=\u00bbdefault\u00bb custom_padding=\u00bb0px|||||\u00bb global_colors_info=\u00bb{}\u00bb][et_pb_column type=\u00bb4_4&#8243; _builder_version=\u00bb4.22.1&#8243; _module_preset=\u00bbdefault\u00bb global_colors_info=\u00bb{}\u00bb][et_pb_image src=\u00bbhttp:\/\/autismovina.cl\/web\/wp-content\/uploads\/2023\/12\/Portadas-en-dimensiones-ok-2.png\u00bb title_text=\u00bbPortadas-en-dimensiones-ok-2&#8243; align=\u00bbcenter\u00bb admin_label=\u00bbImagen Cerebro y Personas\u00bb _builder_version=\u00bb4.22.1&#8243; _module_preset=\u00bbdefault\u00bb max_height=\u00bb308px\u00bb custom_margin=\u00bb||42px|||\u00bb custom_padding=\u00bb0px|||||\u00bb animation_style=\u00bbzoom\u00bb global_colors_info=\u00bb{}\u00bb][\/et_pb_image][et_pb_text admin_label=\u00bbTitulo de la Pagina\u00bb _builder_version=\u00bb4.22.1&#8243; _module_preset=\u00bbdefault\u00bb text_font=\u00bb|700||on|||||\u00bb text_text_color=\u00bb#E02B20&#8243; text_font_size=\u00bb22px\u00bb header_2_font=\u00bb|700||on|||||\u00bb text_orientation=\u00bbcenter\u00bb custom_margin=\u00bb1px|||||\u00bb animation_style=\u00bbzoom\u00bb header_2_text_shadow_style=\u00bbpreset2&#8243; header_2_text_shadow_color=\u00bbrgba(0,0,0,0.22)\u00bb global_colors_info=\u00bb{}\u00bb]<h2>quienes somos<\/h2>\n[\/et_pb_text][\/et_pb_column][\/et_pb_row][et_pb_row _builder_version=\u00bb4.22.1&#8243; background_size=\u00bbinitial\u00bb background_position=\u00bbtop_left\u00bb background_repeat=\u00bbrepeat\u00bb custom_margin=\u00bb||0px||false|false\u00bb custom_padding=\u00bb4px||2px||false|false\u00bb global_colors_info=\u00bb{}\u00bb][et_pb_column type=\u00bb4_4&#8243; _builder_version=\u00bb4.16&#8243; custom_padding=\u00bb|||\u00bb global_colors_info=\u00bb{}\u00bb custom_padding__hover=\u00bb|||\u00bb][et_pb_text admin_label=\u00bbEn el a\u00f1o 2018, a trav\u00e9&#8230;\u00bb _builder_version=\u00bb4.22.1&#8243; text_font_size=\u00bb16px\u00bb background_size=\u00bbinitial\u00bb background_position=\u00bbtop_left\u00bb background_repeat=\u00bbrepeat\u00bb text_orientation=\u00bbjustified\u00bb custom_margin=\u00bb||-51px|||\u00bb custom_padding=\u00bb||||false|false\u00bb animation_style=\u00bbzoom\u00bb global_colors_info=\u00bb{}\u00bb]<p>En el a\u00f1o 2018, a trav\u00e9s de redes sociales un grupo de mam\u00e1s, pap\u00e1s y cuidadores de personas autistas nos empezamos a organizar con picnics en la Quinta Vergara de Vi\u00f1a del Mar, gracias a la coordinaci\u00f3n de Alejandra Rojas, quien hacia posible estos momentos con las familias autistas.<\/p>\n<p><!-- \/wp:post-content --><\/p>\n<p><!-- wp:heading -->Estos encuentros nacieron desde la experiencia de diversas familias que nos sent\u00edamos excluidas de otro tipo de encuentros sociales por la condici\u00f3n de nuestros hijos e hijas, siendo estas instancias esperadas por todas y todos los interesados.<\/p>\n<p><!-- \/wp:heading --><\/p>\n<p><!-- wp:heading -->Se empez\u00f3 a dar forma al grupo de facebook \u00abTeapoyo\u00bb desde donde lleg\u00f3 Loreto Rodr\u00edguez y otras personas que se reun\u00edan en la Iglesia de F\u00e1tima en Forestal buscando siempre el objetivo de organizarse legalmente, pero sin llegar a concretarlo.<\/p>\n<p><!-- \/wp:heading --><\/p>\n<p><!-- \/wp:heading --><\/p>\n<p><!-- \/wp:heading --><\/p>\n<p><!-- wp:heading --><\/p>\n<p><!-- \/wp:heading --><!-- \/wp:heading --><!-- \/wp:html --><\/p>\n<p><!-- wp:paragraph --><\/p>\n[\/et_pb_text][et_pb_image src=\u00bbhttp:\/\/autismovina.cl\/web\/wp-content\/uploads\/2023\/12\/banner002.jpg\u00bb admin_label=\u00bbImagen Marcha Regional\u00bb _builder_version=\u00bb4.22.1&#8243; _module_preset=\u00bbdefault\u00bb custom_margin=\u00bb||34px|||\u00bb global_colors_info=\u00bb{}\u00bb][\/et_pb_image][et_pb_text _builder_version=\u00bb4.22.1&#8243; _module_preset=\u00bbdefault\u00bb global_colors_info=\u00bb{}\u00bb]<p>Se particip\u00f3 de una marcha regional en Valpara\u00edso el 4 de abril del 2019, por el d\u00eda de la Concienciaci\u00f3n del Autismo (2 de abril) y all\u00ed se consolid\u00f3 la necesidad y urgencia de una organizaci\u00f3n con personalidad jur\u00eddica.<\/p>\n[\/et_pb_text][et_pb_divider color=\u00bb#EDF000&#8243; divider_weight=\u00bb3px\u00bb _builder_version=\u00bb4.22.1&#8243; _module_preset=\u00bbdefault\u00bb animation_style=\u00bbslide\u00bb animation_direction=\u00bbright\u00bb global_colors_info=\u00bb{}\u00bb][\/et_pb_divider][\/et_pb_column][\/et_pb_row][et_pb_row column_structure=\u00bb1_2,1_2&#8243; _builder_version=\u00bb4.16&#8243; background_size=\u00bbinitial\u00bb background_position=\u00bbtop_left\u00bb background_repeat=\u00bbrepeat\u00bb custom_padding=\u00bb0px||3px|||\u00bb global_colors_info=\u00bb{}\u00bb][et_pb_column type=\u00bb1_2&#8243; _builder_version=\u00bb4.16&#8243; custom_padding=\u00bb|||\u00bb global_colors_info=\u00bb{}\u00bb custom_padding__hover=\u00bb|||\u00bb][et_pb_text admin_label=\u00bbSurge el contacto con&#8230;\u00bb _builder_version=\u00bb4.22.1&#8243; text_font_size=\u00bb16px\u00bb background_size=\u00bbinitial\u00bb background_position=\u00bbtop_left\u00bb background_repeat=\u00bbrepeat\u00bb text_orientation=\u00bbjustified\u00bb animation_style=\u00bbslide\u00bb animation_direction=\u00bbleft\u00bb global_colors_info=\u00bb{}\u00bb]<p>Surge el contacto con la Neuropediatra Valeria Rojas Osorio, quien cita a Camila Torres, Carolina Quilodr\u00e1n, entre otras personas, para empoderar a las familias y desde all\u00ed nace la moci\u00f3n de organizarnos y crear una Organizaci\u00f3n Comunitaria Funcional, viendo el ejemplo de otras ciudades desde donde se quer\u00eda replicar el modelo.<\/p>\n<p>Se comenz\u00f3 a dar forma a esta organizaci\u00f3n acopl\u00e1ndose a la ya existente Mesa Comunal Social, donde se quer\u00eda abordar el Autismo y es a trav\u00e9s de esa Mesa que lleg\u00f3 Carolina Lizama, gestionando reuniones en la Escuela Especial Juanita Aguirre y un posterior llamado a reuni\u00f3n,\u00a0 para padres y madres que quisieran formar una asociaci\u00f3n, en la sala Kaplan del Hospital Gustavo Fricke.<\/p>\n<p><!-- \/wp:heading --><\/p>\n<p><!-- \/wp:heading --><\/p>\n<p><!-- \/wp:heading --><\/p>\n<p><!-- wp:heading --><\/p>\n<p><!-- \/wp:heading --><!-- \/wp:heading --><!-- \/wp:html --><\/p>\n<p><!-- wp:paragraph --><\/p>\n[\/et_pb_text][\/et_pb_column][et_pb_column type=\u00bb1_2&#8243; _builder_version=\u00bb4.16&#8243; custom_padding=\u00bb|||\u00bb global_colors_info=\u00bb{}\u00bb custom_padding__hover=\u00bb|||\u00bb][et_pb_text admin_label=\u00bbAll\u00ed se inici\u00f3 un traba&#8230;\u00bb _builder_version=\u00bb4.22.1&#8243; text_font_size=\u00bb16px\u00bb background_size=\u00bbinitial\u00bb background_position=\u00bbtop_left\u00bb background_repeat=\u00bbrepeat\u00bb text_orientation=\u00bbjustified\u00bb animation_style=\u00bbslide\u00bb animation_direction=\u00bbright\u00bb global_colors_info=\u00bb{}\u00bb]<p>All\u00ed se\u00a0inici\u00f3 un trabajo en conjunto con nuevas familias, sum\u00e1ndose al equipo Chantal Garay y Eduardo Acu\u00f1a desde donde se levanta la idea de ser una Corporaci\u00f3n y no una Organizaci\u00f3n Comunitaria, abarcando mayor poblaci\u00f3n y no solo limit\u00e1ndose a la comuna de Vi\u00f1a del Mar, permitiendo de esta manera la incorporaci\u00f3n de familias de todo el territorio nacional, para que nadie est\u00e9 solo ni sola.<\/p>\n<p><!-- \/wp:heading --><\/p>\n<p><!-- wp:heading -->Es as\u00ed que nos comenzamos a reunir en las dependencias que nos facilitaba la Federaci\u00f3n Nacional de los Trabajadores de la Salud, Fenats,\u00a0quienes nos apoyaban a instancia de Camila Torres para poder reunirnos.<\/p>\n<p><!-- \/wp:heading --><!-- \/wp:heading --><!-- \/wp:html --><\/p>\n<p><!-- wp:paragraph --><\/p>\n[\/et_pb_text][\/et_pb_column][\/et_pb_row][et_pb_row _builder_version=\u00bb4.16&#8243; background_size=\u00bbinitial\u00bb background_position=\u00bbtop_left\u00bb background_repeat=\u00bbrepeat\u00bb custom_padding=\u00bb16px|||||\u00bb global_colors_info=\u00bb{}\u00bb][et_pb_column type=\u00bb4_4&#8243; _builder_version=\u00bb4.16&#8243; custom_padding=\u00bb|||\u00bb global_colors_info=\u00bb{}\u00bb custom_padding__hover=\u00bb|||\u00bb][et_pb_divider color=\u00bb#EDF000&#8243; divider_weight=\u00bb3px\u00bb _builder_version=\u00bb4.22.1&#8243; _module_preset=\u00bbdefault\u00bb custom_margin=\u00bb-71px|||||\u00bb animation_style=\u00bbslide\u00bb animation_direction=\u00bbright\u00bb global_colors_info=\u00bb{}\u00bb][\/et_pb_divider][et_pb_text admin_label=\u00bbEs en estas reuniones donde&#8230;\u00bb _builder_version=\u00bb4.22.1&#8243; text_font_size=\u00bb16px\u00bb background_size=\u00bbinitial\u00bb background_position=\u00bbtop_left\u00bb background_repeat=\u00bbrepeat\u00bb text_orientation=\u00bbjustified\u00bb animation_style=\u00bbslide\u00bb animation_direction=\u00bbright\u00bb global_colors_info=\u00bb{}\u00bb]<p>Es en estas reuniones donde nos junt\u00e1bamos a redactar los estatutos de lo que ser\u00eda la Corporaci\u00f3n Autismo Vi\u00f1a del Mar, logrando suscribir un 13 de diciembre del a\u00f1o 2019 la constituci\u00f3n legal de nuestra instituci\u00f3n.<\/p>\n<p><!-- \/wp:heading --><!-- \/wp:heading --><!-- \/wp:html --><\/p>\n<p><!-- wp:paragraph --><\/p>\n[\/et_pb_text][\/et_pb_column][\/et_pb_row][et_pb_row column_structure=\u00bb1_2,1_2&#8243; _builder_version=\u00bb4.22.1&#8243; background_enable_image=\u00bboff\u00bb background_size=\u00bbinitial\u00bb background_position=\u00bbtop_left\u00bb custom_margin=\u00bb-35px|auto|-50px|auto||\u00bb global_colors_info=\u00bb{}\u00bb][et_pb_column type=\u00bb1_2&#8243; _builder_version=\u00bb4.16&#8243; custom_padding=\u00bb|||\u00bb global_colors_info=\u00bb{}\u00bb custom_padding__hover=\u00bb|||\u00bb][et_pb_image src=\u00bbhttp:\/\/autismovina.cl\/web\/wp-content\/uploads\/2023\/12\/manzanas.png\u00bb title_text=\u00bbmanzanas\u00bb align=\u00bbcenter\u00bb admin_label=\u00bbImagen Ni\u00f1os disfrasados\u00bb _builder_version=\u00bb4.22.1&#8243; _module_preset=\u00bbdefault\u00bb animation_style=\u00bbslide\u00bb animation_direction=\u00bbleft\u00bb global_colors_info=\u00bb{}\u00bb][\/et_pb_image][\/et_pb_column][et_pb_column type=\u00bb1_2&#8243; _builder_version=\u00bb4.16&#8243; custom_padding=\u00bb|||\u00bb global_colors_info=\u00bb{}\u00bb custom_padding__hover=\u00bb|||\u00bb][et_pb_text admin_label=\u00bbDirectorio\u00bb _builder_version=\u00bb4.22.1&#8243; text_font_size=\u00bb16px\u00bb background_size=\u00bbinitial\u00bb background_position=\u00bbtop_left\u00bb background_repeat=\u00bbrepeat\u00bb animation_style=\u00bbzoom\u00bb global_colors_info=\u00bb{}\u00bb]<p><!-- wp:heading --><span style=\"color: #ff0000;\"><strong>El Directorio fundador fue:<\/strong><\/span><\/p>\n<ul>\n<li>Presidenta: Carolina Quilodr\u00e1n Leiva.<\/li>\n<li>Vicepresidente: Eduardo Acu\u00f1a Saavedra.<\/li>\n<li>Secretaria: Loreto Rodriguez Alvarado.<\/li>\n<li>Tesorera: Celina Sagard\u00eda Sagard\u00eda.<\/li>\n<li>Directora de Vinculaci\u00f3n con el Medio: Carolina Lizama Rojas.<\/li>\n<li>Directora de Comunicaciones: Chantal Garay Soto.<\/li>\n<\/ul>\n<p><!-- \/wp:heading --><!-- \/wp:heading --><!-- \/wp:html --><\/p>\n<p><!-- wp:paragraph --><\/p>\n[\/et_pb_text][\/et_pb_column][\/et_pb_row][et_pb_row _builder_version=\u00bb4.22.1&#8243; _module_preset=\u00bbdefault\u00bb global_colors_info=\u00bb{}\u00bb][et_pb_column type=\u00bb4_4&#8243; _builder_version=\u00bb4.22.1&#8243; _module_preset=\u00bbdefault\u00bb global_colors_info=\u00bb{}\u00bb][et_pb_divider color=\u00bb#E09900&#8243; divider_weight=\u00bb3px\u00bb _builder_version=\u00bb4.22.1&#8243; _module_preset=\u00bbdefault\u00bb animation_style=\u00bbslide\u00bb animation_direction=\u00bbleft\u00bb global_colors_info=\u00bb{}\u00bb][\/et_pb_divider][\/et_pb_column][\/et_pb_row][et_pb_row column_structure=\u00bb1_2,1_2&#8243; _builder_version=\u00bb4.16&#8243; background_size=\u00bbinitial\u00bb background_position=\u00bbtop_left\u00bb background_repeat=\u00bbrepeat\u00bb custom_padding=\u00bb0px|||||\u00bb global_colors_info=\u00bb{}\u00bb][et_pb_column type=\u00bb1_2&#8243; _builder_version=\u00bb4.16&#8243; custom_padding=\u00bb|||\u00bb global_colors_info=\u00bb{}\u00bb custom_padding__hover=\u00bb|||\u00bb][et_pb_text admin_label=\u00bbDe esta forma se dio&#8230;\u00bb _builder_version=\u00bb4.22.1&#8243; background_size=\u00bbinitial\u00bb background_position=\u00bbtop_left\u00bb background_repeat=\u00bbrepeat\u00bb global_colors_info=\u00bb{}\u00bb]<p><!-- wp:heading -->De esta forma se dio origen a nuestra Corporaci\u00f3n que busca promover, concienciar, educar y luchar por los derechos de las personas autistas,\u00a0 sus familias y cuidadores.<\/p>\n<p><!-- \/wp:heading --><!-- \/wp:heading --><!-- \/wp:html --><\/p>\n<p><!-- wp:paragraph --><\/p>\n[\/et_pb_text][\/et_pb_column][et_pb_column type=\u00bb1_2&#8243; _builder_version=\u00bb4.16&#8243; custom_padding=\u00bb|||\u00bb global_colors_info=\u00bb{}\u00bb custom_padding__hover=\u00bb|||\u00bb][et_pb_text admin_label=\u00bbActualmente somos m\u00e1s&#8230;\u00bb _builder_version=\u00bb4.22.1&#8243; background_size=\u00bbinitial\u00bb background_position=\u00bbtop_left\u00bb background_repeat=\u00bbrepeat\u00bb global_colors_info=\u00bb{}\u00bb]<p><!-- wp:heading -->Actualmente somos m\u00e1s de 80 las familias socias quienes luchamos por\u00a0 nuestras personas autistas para que sean sujetos de derecho y no de caridad, nos volvimos activistas por ellos y ellas.<\/p>\n<p style=\"text-align: center;\" align=\"center\"><!-- \/wp:heading --><\/p>\n<p style=\"text-align: center;\"><!-- wp:heading {\"textAlign\":\"center\"} --><strong>Corporaci\u00f3n Autismo Vi\u00f1a del Mar<\/strong><br \/><strong>\u00abTus Derechos, Nuestra Lucha\u00bb<\/strong><\/p>\n<p><!-- \/wp:heading --><!-- \/wp:heading --><!-- \/wp:html --><\/p>\n<p><!-- wp:paragraph --><\/p>\n[\/et_pb_text][\/et_pb_column][\/et_pb_row][et_pb_row _builder_version=\u00bb4.22.1&#8243; _module_preset=\u00bbdefault\u00bb global_colors_info=\u00bb{}\u00bb][et_pb_column type=\u00bb4_4&#8243; _builder_version=\u00bb4.22.1&#8243; _module_preset=\u00bbdefault\u00bb global_colors_info=\u00bb{}\u00bb][et_pb_text admin_label=\u00bbNosotros somos Corporaci\u00f3n Autismo&#8230;\u00bb _builder_version=\u00bb4.22.1&#8243; _module_preset=\u00bbdefault\u00bb text_orientation=\u00bbjustified\u00bb animation_style=\u00bbslide\u00bb animation_direction=\u00bbbottom\u00bb global_colors_info=\u00bb{}\u00bb]<p>Nosotros somos Corporaci\u00f3n Autismo Vi\u00f1a del Mar, una agrupaci\u00f3n de padres, madres, cuidadores y personas autistas.<\/p>\n<p>&#x1f44a;&#x1f3fc;Nuestro objetivo es entregar redes de apoyo, contenci\u00f3n, amistad, consejos, etc, desde la experiencia que vamos viviendo con nuestros hijos e hijas e incluso en primera persona.<\/p>\n<p>&#x1f6ab; No somos un Centro de Terapias ni tampoco manejamos agendas de doctores para conseguir horas ni atenciones.<\/p>\n<p>&#x1fac2; Sin embargo, podemos ayudar a gestionar algunas ayudas cuando nos llega el dato o la posibilidad de hacerlo.<\/p>\n<p>&#x1f468;&#x200d;&#x1f3eb;&#x1f469;&#x200d;&#x1f3eb; Tenemos alumnos en pr\u00e1ctica con los que trabajamos talleres, charlas y las tareas que sean necesarias al interior de nuestra instituci\u00f3n.<\/p>\n<p>&#x1f310; As\u00ed mismo, gestionamos convenio con Centros que nos otorgan charlas y descuento en las terapias con los profesionales de su instituci\u00f3n por pertenecer a la Corporaci\u00f3n Autismo Vi\u00f1a del Mar.<\/p>\n<p>Los requisitos para acceder a estos beneficios es que deben tener antig\u00fcedad de al menos 3 meses como socias\/os y estar al d\u00eda en las obligaciones pecuniarias.<\/p>\n<p>&#x270a;&#x1f3fc; Somos activistas en los derechos de nuestras personas autistas por lo que estamos en constante movimiento; gestionando reuniones y solicitudes con el municipio, actores pol\u00edticos y gobierno.<\/p>\n<p>&#x270b;&#x1f3fc; Apoyamos y trabajamos con la Federaci\u00f3n Nacional de Autismo, FENAUT y la Mesa Interregional por la Ley de Autismo, MILA, la Ley de Autismo! Logrando que fuera aprobada en el Congreso Nacional el pasado 26 de Enero y promulgada por el presidente Gabriel Boric el 2 de Abril de 2023 entrando en vigencia el 10 de marzo del mismo a\u00f1o.<\/p>\n<p>&#x1f4f1; Tenemos 2 grupos de WhatsApp donde funcionamos, uno de Chat y otro de Informaciones que es solo de lectura para los socios, tenemos un grupo de Facebook \u201cCorporaci\u00f3n Autismo Vi\u00f1a del Mar\u201d un Instagram @autismovina y nuestra p\u00e1gina web\u00a0www.autismovina.cl<\/p>\n<p>&#x1f4b0; Pagamos cuotas mensuales de $2.000 por socio, quien puede inscribir a todas las personas que tengan condici\u00f3n autista bajo su cuidado.<\/p>\n<p>&#x1f4a1; Si te sientes interesada en participar de nuestra Corporaci\u00f3n, te recibimos con los brazos abiertos, tenemos socios y socias de Villa Alemana, Belloto,<br \/>Quilpu\u00e9, Vi\u00f1a del Mar, Valpara\u00edso,\u00a0 San Felipe, etc. Tenemos estatutos legales que nos rigen y la inscripci\u00f3n se hace mediante una ficha digital.<\/p>\n[\/et_pb_text][et_pb_cta button_url=\u00bbhttp:\/\/autismovina.cl\/web\/ficha-inscripcion-para-socios\/\u00bb button_text=\u00bbInscribirse como Socio en Corporacion de Autismo Vi\u00f1a del Mar\u00bb admin_label=\u00bbLink a Ficha de Inscripci\u00f3n\u00bb _builder_version=\u00bb4.22.1&#8243; _module_preset=\u00bbdefault\u00bb background_color=\u00bbRGBA(255,255,255,0)\u00bb custom_button=\u00bbon\u00bb button_text_color=\u00bb#FFFFFF\u00bb button_bg_color=\u00bb#E02B20&#8243; button_border_width=\u00bb0px\u00bb button_border_radius=\u00bb13px\u00bb button_font=\u00bb|||on|||||\u00bb animation_style=\u00bbzoom\u00bb animation_direction=\u00bbbottom\u00bb global_module=\u00bb240&#8243; saved_tabs=\u00bball\u00bb global_colors_info=\u00bb{}\u00bb][\/et_pb_cta][\/et_pb_column][\/et_pb_row][\/et_pb_section]","protected":false},"excerpt":{"rendered":"<p>quienes somos En el a\u00f1o 2018, a trav\u00e9s de redes&#8230;<\/p>\n","protected":false},"author":2,"featured_media":0,"parent":0,"menu_order":1,"comment_status":"closed","ping_status":"closed","template":"","meta":{"_et_pb_use_builder":"on","_et_pb_old_content":"<p>En el a\u00f1o 2018, a trav\u00e9s de redes sociales un grupo de mam\u00e1s, pap\u00e1s y cuidadores de personas autistas nos empezamos a organizar con picnis en la Quinta Vergara de Vi\u00f1a del Mar, gracias a la coordinaci\u00f3n de Alejandra Rojas, quien hacia posible estos momentos con las familias autistas.<\/p>\r\n<p><!-- \/wp:heading --><!-- wp:heading -->Estos encuentros nacieron desde la experiencia de diversas familias que nos sent\u00edamos excluidas de otro tipo de encuentros sociales por la condici\u00f3n de nuestros hijos e hijas, siendo estas instancias esperadas por todas y todos los interesados.<\/p>\r\n<p><!-- \/wp:heading --><!-- wp:heading -->Se empez\u00f3 a dar forma al grupo de facebook \"Teapoyo\" desde donde lleg\u00f3 Loreto Rodr\u00edguez y otras personas que se reun\u00edan en la Iglesia de F\u00e1tima en Forestal buscando siempre el objetivo de organizarse legalmente, pero sin llegar a concretarlo.<\/p>\r\n<p><!-- \/wp:heading --><!-- wp:heading -->Se particip\u00f3 de una marcha regional en Valpara\u00edso el 4 de abril del 2019, por el d\u00eda de la Concienciaci\u00f3n del Autismo (2 de abril) y all\u00ed se consolid\u00f3 la necesidad y urgencia de una organizaci\u00f3n con personalidad jur\u00eddica.<\/p>\r\n<p><!-- \/wp:heading --><!-- wp:heading -->Surge el contacto con la Neuropediatra Valeria Rojas Osorio, quien cita a Camila Torres, Carolina Quilodr\u00e1n, entre otras personas, para empoderar a las familias y desde all\u00ed nace la moci\u00f3n de organizarnos y crear una Organizaci\u00f3n Comunitaria Funcional, viendo el ejemplo de otras ciudades desde donde se quer\u00eda replicar el modelo.<\/p>\r\n<p><!-- \/wp:heading --><!-- wp:heading -->Se comenz\u00f3 a dar forma a esta organizaci\u00f3n acopl\u00e1ndose a la ya existente Mesa Comunal Social, donde se quer\u00eda abordar el Autismo y es a trav\u00e9s de esa Mesa que lleg\u00f3 Carolina Lizama, gestionando reuniones en la Escuela Especial Juanita Aguirre y un posterior llamado a reuni\u00f3n,\u00a0 para padres y madres que quisieran formar una asociaci\u00f3n, en la sala Kaplan del Hospital Gustavo Fricke.<\/p>\r\n<p><!-- \/wp:heading --><!-- wp:heading -->All\u00ed se\u00a0inici\u00f3 un trabajo en conjunto con nuevas familias, sum\u00e1ndose al equipo Chantal Garay y Eduardo Acu\u00f1a desde donde se levanta la idea de ser una Corporaci\u00f3n y no una Organizaci\u00f3n Comunitaria, abarcando mayor poblaci\u00f3n y no solo limit\u00e1ndose a la comuna de Vi\u00f1a del Mar, permitiendo de esta manera la incorporaci\u00f3n de familias de todo el territorio nacional, para que nadie est\u00e9 solo ni sola.<\/p>\r\n<p><!-- \/wp:heading --><!-- wp:heading -->Es as\u00ed que nos comenzamos a reunir en las dependencias que nos facilitaba la Federaci\u00f3n Nacional de los Trabajadores de la Salud, Fenats,\u00a0quienes nos apoyaban a instancia de Camila Torres para poder reunirnos.<\/p>\r\n<p><!-- \/wp:heading --><!-- wp:heading -->Es en estas reuniones donde nos junt\u00e1bamos a redactar los estatutos de lo que ser\u00eda la Corporaci\u00f3n Autismo Vi\u00f1a del Mar, logrando suscribir un 13 de diciembre del a\u00f1o 2019 la constituci\u00f3n legal de nuestra instituci\u00f3n.<\/p>\r\n<p><!-- \/wp:heading --><!-- wp:heading --><!-- wp:heading -->El Directorio fundador fue;<br \/>Presidenta: Carolina Quilodr\u00e1n Leiva.<br \/>Vicepresidente: Eduardo Acu\u00f1a Saavedra.<br \/>Secretaria: Loreto Rodriguez Alvarado.<br \/>Tesorera: Celina Sagard\u00eda Sagard\u00eda.<br \/>Directora de Vinculaci\u00f3n con el Medio: Carolina Lizama Rojas.<br \/>Directora de Comunicaciones: Chantal Garay Soto.<\/p>\r\n<p><!-- \/wp:heading --><!-- wp:heading -->De esta forma se dio origen a nuestra Corporaci\u00f3n que busca promover, concienciar, educar y luchar por los derechos de las personas autistas,\u00a0 sus familias y cuidadores.<\/p>\r\n<p><!-- \/wp:heading --><!-- wp:heading -->Actualmente somos m\u00e1s de 80 las familias socias quienes luchamos por\u00a0 nuestras personas autistas para que sean sujetos de derecho y no de caridad, nos volvimos activistas por ellos y ellas.<\/p>\r\n<p style=\"text-align: center;\" align=\"center\"><!-- \/wp:heading --><!-- wp:heading {\"textAlign\":\"center\"} -->Corporaci\u00f3n Autismo Vi\u00f1a del Mar<br \/>\"Tus Derechos, Nuestra Lucha\"<\/p>\r\n<p><!-- \/wp:heading --><!-- \/wp:heading --><!-- \/wp:html --><!-- wp:paragraph --><\/p>","_et_gb_content_width":"","site-sidebar-layout":"default","site-content-layout":"","ast-site-content-layout":"default","site-content-style":"default","site-sidebar-style":"default","ast-global-header-display":"","ast-banner-title-visibility":"","ast-main-header-display":"","ast-hfb-above-header-display":"","ast-hfb-below-header-display":"","ast-hfb-mobile-header-display":"","site-post-title":"disabled","ast-breadcrumbs-content":"disabled","ast-featured-img":"","footer-sml-layout":"","ast-disable-related-posts":"","theme-transparent-header-meta":"default","adv-header-id-meta":"","stick-header-meta":"","header-above-stick-meta":"","header-main-stick-meta":"","header-below-stick-meta":"","astra-migrate-meta-layouts":"set","ast-page-background-enabled":"default","ast-page-background-meta":{"desktop":{"background-color":"var(--ast-global-color-4)","background-image":"","background-repeat":"repeat","background-position":"center center","background-size":"auto","background-attachment":"scroll","background-type":"","background-media":"","overlay-type":"","overlay-color":"","overlay-opacity":"","overlay-gradient":""},"tablet":{"background-color":"","background-image":"","background-repeat":"repeat","background-position":"center center","background-size":"auto","background-attachment":"scroll","background-type":"","background-media":"","overlay-type":"","overlay-color":"","overlay-opacity":"","overlay-gradient":""},"mobile":{"background-color":"","background-image":"","background-repeat":"repeat","background-position":"center center","background-size":"auto","background-attachment":"scroll","background-type":"","background-media":"","overlay-type":"","overlay-color":"","overlay-opacity":"","overlay-gradient":""}},"ast-content-background-meta":{"desktop":{"background-color":"var(--ast-global-color-5)","background-image":"","background-repeat":"repeat","background-position":"center center","background-size":"auto","background-attachment":"scroll","background-type":"","background-media":"","overlay-type":"","overlay-color":"","overlay-opacity":"","overlay-gradient":""},"tablet":{"background-color":"var(--ast-global-color-5)","background-image":"","background-repeat":"repeat","background-position":"center center","background-size":"auto","background-attachment":"scroll","background-type":"","background-media":"","overlay-type":"","overlay-color":"","overlay-opacity":"","overlay-gradient":""},"mobile":{"background-color":"var(--ast-global-color-5)","background-image":"","background-repeat":"repeat","background-position":"center center","background-size":"auto","background-attachment":"scroll","background-type":"","background-media":"","overlay-type":"","overlay-color":"","overlay-opacity":"","overlay-gradient":""}},"footnotes":""},"class_list":["post-20","page","type-page","status-publish","hentry"],"_links":{"self":[{"href":"http:\/\/autismovina.cl\/web\/wp-json\/wp\/v2\/pages\/20","targetHints":{"allow":["GET"]}}],"collection":[{"href":"http:\/\/autismovina.cl\/web\/wp-json\/wp\/v2\/pages"}],"about":[{"href":"http:\/\/autismovina.cl\/web\/wp-json\/wp\/v2\/types\/page"}],"author":[{"embeddable":true,"href":"http:\/\/autismovina.cl\/web\/wp-json\/wp\/v2\/users\/2"}],"replies":[{"embeddable":true,"href":"http:\/\/autismovina.cl\/web\/wp-json\/wp\/v2\/comments?post=20"}],"version-history":[{"count":22,"href":"http:\/\/autismovina.cl\/web\/wp-json\/wp\/v2\/pages\/20\/revisions"}],"predecessor-version":[{"id":344,"href":"http:\/\/autismovina.cl\/web\/wp-json\/wp\/v2\/pages\/20\/revisions\/344"}],"wp:attachment":[{"href":"http:\/\/autismovina.cl\/web\/wp-json\/wp\/v2\/media?parent=20"}],"curies":[{"name":"wp","href":"https:\/\/api.w.org\/{rel}","templated":true}]}}