{"id":453,"date":"2023-12-19T11:16:33","date_gmt":"2023-12-19T14:16:33","guid":{"rendered":"http:\/\/autismovina.cl\/web\/?page_id=453"},"modified":"2023-12-19T11:20:09","modified_gmt":"2023-12-19T14:20:09","slug":"aporte","status":"publish","type":"page","link":"http:\/\/autismovina.cl\/web\/aporte\/","title":{"rendered":"Aporte"},"content":{"rendered":"<p>[et_pb_section fb_built=\u00bb1&#8243; _builder_version=\u00bb4.22.1&#8243; background_image=\u00bbhttp:\/\/autismovina.cl\/web\/wp-content\/uploads\/2023\/12\/fondo2.jpg\u00bb background_size=\u00bbinitial\u00bb background_position=\u00bbtop_left\u00bb background_repeat=\u00bbrepeat\u00bb background_blend=\u00bblighten\u00bb global_colors_info=\u00bb{}\u00bb][et_pb_row _builder_version=\u00bb4.16&#8243; background_size=\u00bbinitial\u00bb background_position=\u00bbtop_left\u00bb background_repeat=\u00bbrepeat\u00bb custom_margin=\u00bb|auto|-74px|auto||\u00bb global_colors_info=\u00bb{}\u00bb][et_pb_column type=\u00bb4_4&#8243; _builder_version=\u00bb4.16&#8243; custom_padding=\u00bb|||\u00bb global_colors_info=\u00bb{}\u00bb custom_padding__hover=\u00bb|||\u00bb][et_pb_text admin_label=\u00bbTitulo\u00bb _builder_version=\u00bb4.22.1&#8243; _module_preset=\u00bbdefault\u00bb text_font=\u00bb|700|||||||\u00bb header_2_font=\u00bbComic Neue|700||on|||||\u00bb header_2_text_align=\u00bbcenter\u00bb header_2_text_color=\u00bb#0C71C3&#8243; custom_padding=\u00bb||15px||false|false\u00bb animation_style=\u00bbzoom\u00bb header_2_text_shadow_style=\u00bbpreset1&#8243; header_2_text_shadow_color=\u00bbrgba(0,0,0,0.24)\u00bb global_colors_info=\u00bb{}\u00bb]<\/p>\n<h2>realiza tu aporte<\/h2>\n<p>[\/et_pb_text][\/et_pb_column][\/et_pb_row][et_pb_row column_structure=\u00bb3_5,2_5&#8243; _builder_version=\u00bb4.22.1&#8243; _module_preset=\u00bbdefault\u00bb global_colors_info=\u00bb{}\u00bb][et_pb_column type=\u00bb3_5&#8243; _builder_version=\u00bb4.22.1&#8243; _module_preset=\u00bbdefault\u00bb global_colors_info=\u00bb{}\u00bb][et_pb_text admin_label=\u00bbDatos Bancarios&#8230;\u00bb _builder_version=\u00bb4.22.1&#8243; _module_preset=\u00bbdefault\u00bb text_font=\u00bb||||||||\u00bb header_2_font=\u00bbComic Neue|700||on|||||\u00bb header_2_text_align=\u00bbcenter\u00bb header_2_text_color=\u00bb#0C71C3&#8243; animation_style=\u00bbslide\u00bb animation_direction=\u00bbleft\u00bb hover_enabled=\u00bb0&#8243; header_2_text_shadow_style=\u00bbpreset1&#8243; header_2_text_shadow_color=\u00bbrgba(0,0,0,0.24)\u00bb global_colors_info=\u00bb{}\u00bb sticky_enabled=\u00bb0&#8243;]<\/p>\n<p>Puede realizar su aporte a la Corporaci\u00f3n Autismo Vi\u00f1a del Mar v\u00eda transferencia a los siguientes datos bancarios:<\/p>\n<ul>\n<li>Raz\u00f3n Social: Corporaci\u00f3n Autismo Vi\u00f1a del Mar<\/li>\n<li>Rut: 65.193.714-0<\/li>\n<li>Banco: Estado<\/li>\n<li>Cta Vista: 23572046176<\/li>\n<li>Mail: autismovina@gmail.com<\/li>\n<\/ul>\n<p>[\/et_pb_text][\/et_pb_column][et_pb_column type=\u00bb2_5&#8243; _builder_version=\u00bb4.22.1&#8243; _module_preset=\u00bbdefault\u00bb global_colors_info=\u00bb{}\u00bb][et_pb_text admin_label=\u00bbDatos Bancarios&#8230;\u00bb _builder_version=\u00bb4.22.1&#8243; _module_preset=\u00bbdefault\u00bb text_font=\u00bb||||||||\u00bb header_2_font=\u00bbComic Neue|700||on|||||\u00bb header_2_text_align=\u00bbcenter\u00bb header_2_text_color=\u00bb#0C71C3&#8243; animation_style=\u00bbslide\u00bb animation_direction=\u00bbright\u00bb header_2_text_shadow_style=\u00bbpreset1&#8243; header_2_text_shadow_color=\u00bbrgba(0,0,0,0.24)\u00bb global_colors_info=\u00bb{}\u00bb]<\/p>\n<p>O puede realizarlo directamente desde Webpay<\/p>\n<p>[\/et_pb_text][et_pb_image src=\u00bbhttp:\/\/autismovina.cl\/web\/wp-content\/uploads\/2023\/12\/webpay.jpg\u00bb title_text=\u00bbwebpay\u00bb url=\u00bbhttps:\/\/www.webpay.cl\/form-pay\/150420&#8243; url_new_window=\u00bbon\u00bb align=\u00bbcenter\u00bb admin_label=\u00bbLogo\/Link Webpay\u00bb _builder_version=\u00bb4.22.1&#8243; _module_preset=\u00bbdefault\u00bb animation_style=\u00bbslide\u00bb animation_direction=\u00bbright\u00bb global_colors_info=\u00bb{}\u00bb][\/et_pb_image][\/et_pb_column][\/et_pb_row][\/et_pb_section]<\/p>\n","protected":false},"excerpt":{"rendered":"<p>realiza tu aporte Puede realizar su aporte a la&#8230;<\/p>\n","protected":false},"author":3,"featured_media":0,"parent":0,"menu_order":5,"comment_status":"closed","ping_status":"closed","template":"","meta":{"_et_pb_use_builder":"on","_et_pb_old_content":"<!-- wp:heading -->\r\n<h2 id=\"contacto-autismovina-cl\"><a href=\"mailto:contacto@autismovina.cl\">contacto@autismovina.cl<\/a><\/h2>\r\n<!-- \/wp:heading --><!-- wp:heading -->\r\n<h2 id=\"presidente-autismovina-cl\"><a href=\"mailto:presidente@autismovina.cl\">presidente@autismovina.cl<\/a><\/h2>\r\n<!-- \/wp:heading --><!-- wp:heading -->\r\n<h2 id=\"vicepresidente-autismovina-cl\"><a href=\"mailto:vicepresidente@autismovina.cl\">vicepresidente@autismovina.cl<\/a><\/h2>\r\n<!-- \/wp:heading --><!-- wp:heading -->\r\n<h2 id=\"secretario-autismovina-cl\"><a href=\"mailto:secretario@autismovina.cl\">secretario@autismovina.cl<\/a><\/h2>\r\n<!-- \/wp:heading --><!-- wp:heading -->\r\n<h2 id=\"tesorero-autismovina-cl\"><a href=\"mailto:tesorero@autismovina.cl\">tesorero@autismovina.cl<\/a><\/h2>\r\n<!-- \/wp:heading --><!-- wp:heading -->\r\n<h2 id=\"vinculacion-autismovina-cl\"><a href=\"mailto:vinculacion@autismovina.cl\">vinculacion@autismovina.cl<\/a><\/h2>\r\n<!-- \/wp:heading --><!-- wp:heading -->\r\n<h2 id=\"comunicaciones-autismovina-cl\"><a href=\"mailto:comunicaciones@autismovina.cl\">comunicaciones@autismovina.cl<\/a><\/h2>\r\n<!-- \/wp:heading --><!-- wp:heading -->\r\n<h2 id=\"fono-56-9-4270-2845\"><strong>Fono: +56 9 4270 2845<\/strong><\/h2>\r\n<!-- \/wp:heading --><!-- wp:code -->\r\n<pre class=\"wp-block-code\"><code><strong><a href=\"http:\/\/autismovina.cl\/Socio.pdf\" target=\"_blank\" rel=\"noreferrer noopener\" data-type=\"URL\" data-id=\"http:\/\/autismovina.cl\/Socio.pdf\">Ficha de Inscripci\u00f3n - Socio <\/a><\/strong>\r\n<\/code><\/pre>\r\n<!-- \/wp:code --><!-- wp:paragraph -->\r\n<p>\u00a0<\/p>\r\n<!-- \/wp:paragraph -->","_et_gb_content_width":"","site-sidebar-layout":"default","site-content-layout":"","ast-site-content-layout":"default","site-content-style":"default","site-sidebar-style":"default","ast-global-header-display":"","ast-banner-title-visibility":"","ast-main-header-display":"","ast-hfb-above-header-display":"","ast-hfb-below-header-display":"","ast-hfb-mobile-header-display":"","site-post-title":"disabled","ast-breadcrumbs-content":"disabled","ast-featured-img":"","footer-sml-layout":"","ast-disable-related-posts":"","theme-transparent-header-meta":"default","adv-header-id-meta":"","stick-header-meta":"","header-above-stick-meta":"","header-main-stick-meta":"","header-below-stick-meta":"","astra-migrate-meta-layouts":"set","ast-page-background-enabled":"default","ast-page-background-meta":{"desktop":{"background-color":"var(--ast-global-color-4)","background-image":"","background-repeat":"repeat","background-position":"center center","background-size":"auto","background-attachment":"scroll","background-type":"","background-media":"","overlay-type":"","overlay-color":"","overlay-opacity":"","overlay-gradient":""},"tablet":{"background-color":"","background-image":"","background-repeat":"repeat","background-position":"center center","background-size":"auto","background-attachment":"scroll","background-type":"","background-media":"","overlay-type":"","overlay-color":"","overlay-opacity":"","overlay-gradient":""},"mobile":{"background-color":"","background-image":"","background-repeat":"repeat","background-position":"center center","background-size":"auto","background-attachment":"scroll","background-type":"","background-media":"","overlay-type":"","overlay-color":"","overlay-opacity":"","overlay-gradient":""}},"ast-content-background-meta":{"desktop":{"background-color":"var(--ast-global-color-5)","background-image":"","background-repeat":"repeat","background-position":"center center","background-size":"auto","background-attachment":"scroll","background-type":"","background-media":"","overlay-type":"","overlay-color":"","overlay-opacity":"","overlay-gradient":""},"tablet":{"background-color":"var(--ast-global-color-5)","background-image":"","background-repeat":"repeat","background-position":"center center","background-size":"auto","background-attachment":"scroll","background-type":"","background-media":"","overlay-type":"","overlay-color":"","overlay-opacity":"","overlay-gradient":""},"mobile":{"background-color":"var(--ast-global-color-5)","background-image":"","background-repeat":"repeat","background-position":"center center","background-size":"auto","background-attachment":"scroll","background-type":"","background-media":"","overlay-type":"","overlay-color":"","overlay-opacity":"","overlay-gradient":""}},"footnotes":""},"class_list":["post-453","page","type-page","status-publish","hentry"],"_links":{"self":[{"href":"http:\/\/autismovina.cl\/web\/wp-json\/wp\/v2\/pages\/453","targetHints":{"allow":["GET"]}}],"collection":[{"href":"http:\/\/autismovina.cl\/web\/wp-json\/wp\/v2\/pages"}],"about":[{"href":"http:\/\/autismovina.cl\/web\/wp-json\/wp\/v2\/types\/page"}],"author":[{"embeddable":true,"href":"http:\/\/autismovina.cl\/web\/wp-json\/wp\/v2\/users\/3"}],"replies":[{"embeddable":true,"href":"http:\/\/autismovina.cl\/web\/wp-json\/wp\/v2\/comments?post=453"}],"version-history":[{"count":7,"href":"http:\/\/autismovina.cl\/web\/wp-json\/wp\/v2\/pages\/453\/revisions"}],"predecessor-version":[{"id":463,"href":"http:\/\/autismovina.cl\/web\/wp-json\/wp\/v2\/pages\/453\/revisions\/463"}],"wp:attachment":[{"href":"http:\/\/autismovina.cl\/web\/wp-json\/wp\/v2\/media?parent=453"}],"curies":[{"name":"wp","href":"https:\/\/api.w.org\/{rel}","templated":true}]}}